{"id":19,"date":"2023-08-28T14:57:24","date_gmt":"2023-08-28T14:57:24","guid":{"rendered":"https:\/\/web24.cloud\/?page_id=19"},"modified":"2025-11-13T14:14:22","modified_gmt":"2025-11-13T14:14:22","slug":"servicos","status":"publish","type":"page","link":"https:\/\/web24.cloud\/br\/servicos\/","title":{"rendered":"Servi\u00e7os adicionais"},"content":{"rendered":"<div class=\"wp-block-uagb-container uagb-block-177cb62b alignfull uagb-is-root-container\"><div class=\"uagb-container-inner-blocks-wrap\">\n<div class=\"wp-block-uagb-advanced-heading uagb-block-902ba533\"><h1 class=\"uagb-heading-text\">Impulsione seu neg\u00f3cio<\/h1><p class=\"uagb-desc-text\">Tudo o que voc\u00ea precisa para criar um site e uma marca profissionais.<\/p><\/div>\n<\/div><\/div>\n\n\n\n<div class=\"wp-block-uagb-container uagb-block-f9221543 alignfull uagb-is-root-container\"><div class=\"uagb-container-inner-blocks-wrap\">\n<div class=\"wp-block-uagb-container uagb-block-f6817856\">\n<div class=\"wp-block-uagb-container uagb-block-f6633019\">\n<div class=\"wp-block-uagb-image uagb-block-06e547ba wp-block-uagb-image--layout-default wp-block-uagb-image--effect-static wp-block-uagb-image--align-none\"><figure class=\"wp-block-uagb-image__figure\"><img decoding=\"async\" srcset=\"https:\/\/web24.cloud\/wp-content\/uploads\/2023\/10\/o2trwthve_i-1024x676.jpg ,https:\/\/web24.cloud\/wp-content\/uploads\/2023\/10\/o2trwthve_i.jpg 780w, https:\/\/web24.cloud\/wp-content\/uploads\/2023\/10\/o2trwthve_i.jpg 360w\" sizes=\"auto, (max-width: 480px) 150px\" src=\"https:\/\/web24.cloud\/wp-content\/uploads\/2023\/10\/o2trwthve_i-1024x676.jpg\" alt=\"pessoa desenhando letras em papel vegetal usando lapiseira\" class=\"uag-image-816\" width=\"383\" height=\"280\" title=\"\" loading=\"lazy\" role=\"img\"\/><\/figure><\/div>\n\n\n\n<div class=\"wp-block-uagb-advanced-heading uagb-block-e8805589\"><h4 class=\"uagb-heading-text\">Design de logotipo e identidade visual<\/h4><p class=\"uagb-desc-text\">A partir de $500 (por pacote de logotipo)<br><br>Um logotipo com design profissional facilita a identifica\u00e7\u00e3o da sua marca e a diferencia da concorr\u00eancia.<\/p><\/div>\n<\/div>\n\n\n\n<div class=\"wp-block-uagb-container uagb-block-00861dc3\">\n<div class=\"wp-block-uagb-image alignleft uagb-block-f21b85fe wp-block-uagb-image--layout-default wp-block-uagb-image--effect-static wp-block-uagb-image--align-left\"><figure class=\"wp-block-uagb-image__figure\"><img decoding=\"async\" srcset=\"https:\/\/web24.cloud\/wp-content\/uploads\/2023\/10\/ux6_jnk2co8-1024x683.jpg ,https:\/\/web24.cloud\/wp-content\/uploads\/2023\/10\/ux6_jnk2co8.jpg 780w, https:\/\/web24.cloud\/wp-content\/uploads\/2023\/10\/ux6_jnk2co8.jpg 360w\" sizes=\"auto, (max-width: 480px) 150px\" src=\"https:\/\/web24.cloud\/wp-content\/uploads\/2023\/10\/ux6_jnk2co8-1024x683.jpg\" alt=\"uma pessoa digitando em um laptop\" class=\"uag-image-817\" width=\"384\" height=\"380\" title=\"\" loading=\"lazy\" role=\"img\"\/><\/figure><\/div>\n\n\n\n<div class=\"wp-block-uagb-advanced-heading uagb-block-4e01d63e\"><h4 class=\"uagb-heading-text\">Reda\u00e7\u00e3o de conte\u00fado para sites<\/h4><p class=\"uagb-desc-text\">De $400 (conforme o site)<br><br>Atraia a aten\u00e7\u00e3o dos seus visitantes e converta cliques em clientes. Combinamos t\u00e9cnicas sutis de SEO com textos cativantes.<\/p><\/div>\n<\/div>\n\n\n\n<div class=\"wp-block-uagb-container uagb-block-732c3c52\">\n<div class=\"wp-block-uagb-image uagb-block-cb5263a1 wp-block-uagb-image--layout-default wp-block-uagb-image--effect-static wp-block-uagb-image--align-none\"><figure class=\"wp-block-uagb-image__figure\"><img decoding=\"async\" srcset=\"https:\/\/web24.cloud\/wp-content\/uploads\/2023\/10\/m_hrflhgabo-1024x682.jpg ,https:\/\/web24.cloud\/wp-content\/uploads\/2023\/10\/m_hrflhgabo.jpg 780w, https:\/\/web24.cloud\/wp-content\/uploads\/2023\/10\/m_hrflhgabo.jpg 360w\" sizes=\"auto, (max-width: 480px) 150px\" src=\"https:\/\/web24.cloud\/wp-content\/uploads\/2023\/10\/m_hrflhgabo-1024x682.jpg\" alt=\"Um MacBook com linhas de c\u00f3digo na tela sobre uma mesa cheia de coisas.\" class=\"uag-image-819\" width=\"383\" height=\"280\" title=\"\" loading=\"lazy\" role=\"img\"\/><\/figure><\/div>\n\n\n\n<div class=\"wp-block-uagb-advanced-heading uagb-block-d137b92c\"><h4 class=\"uagb-heading-text\">Design Web Personalizado<\/h4><p class=\"uagb-desc-text\">Entre em contato conosco para solicitar um or\u00e7amento.<br><br>Trabalhamos em parceria com voc\u00ea para criar seu site do zero. Um design completamente exclusivo, feito sob medida para suas necessidades.<\/p><\/div>\n<\/div>\n<\/div>\n\n\n\n<div class=\"wp-block-uagb-container uagb-block-377f5dc2\">\n<div class=\"wp-block-uagb-container uagb-block-d6800746\">\n<div class=\"wp-block-uagb-image uagb-block-75908a3e wp-block-uagb-image--layout-default wp-block-uagb-image--effect-static wp-block-uagb-image--align-none\"><figure class=\"wp-block-uagb-image__figure\"><img decoding=\"async\" srcset=\"https:\/\/web24.cloud\/wp-content\/uploads\/2023\/10\/bjxaxq1l7di-1024x681.jpg ,https:\/\/web24.cloud\/wp-content\/uploads\/2023\/10\/bjxaxq1l7di.jpg 780w, https:\/\/web24.cloud\/wp-content\/uploads\/2023\/10\/bjxaxq1l7di.jpg 360w\" sizes=\"auto, (max-width: 480px) 150px\" src=\"https:\/\/web24.cloud\/wp-content\/uploads\/2023\/10\/bjxaxq1l7di-1024x681.jpg\" alt=\"pessoa segurando smartphone preto\" class=\"uag-image-821\" width=\"383\" height=\"280\" title=\"\" loading=\"lazy\" role=\"img\"\/><\/figure><\/div>\n\n\n\n<div class=\"wp-block-uagb-advanced-heading uagb-block-cf48c890\"><h4 class=\"uagb-heading-text\">Configura\u00e7\u00e3o do Google Meu Neg\u00f3cio<\/h4><p class=\"uagb-desc-text\">A partir de $50 (por empresa)<br><br>Fa\u00e7a com que o perfil da sua empresa apare\u00e7a quando as pessoas pesquisarem por voc\u00ea e por empresas semelhantes \u00e0 sua na Busca e no Maps do Google.<\/p><\/div>\n<\/div>\n\n\n\n<div class=\"wp-block-uagb-container uagb-block-06cba805\">\n<div class=\"wp-block-uagb-image alignleft uagb-block-c22fa2b8 wp-block-uagb-image--layout-default wp-block-uagb-image--effect-static wp-block-uagb-image--align-left\"><figure class=\"wp-block-uagb-image__figure\"><img decoding=\"async\" srcset=\"https:\/\/web24.cloud\/wp-content\/uploads\/2023\/10\/evei7mocsmw-1024x683.jpg ,https:\/\/web24.cloud\/wp-content\/uploads\/2023\/10\/evei7mocsmw.jpg 780w, https:\/\/web24.cloud\/wp-content\/uploads\/2023\/10\/evei7mocsmw.jpg 360w\" sizes=\"auto, (max-width: 480px) 150px\" src=\"https:\/\/web24.cloud\/wp-content\/uploads\/2023\/10\/evei7mocsmw-1024x683.jpg\" alt=\"Pessoa usando MacBook Pro em mesa preta\" class=\"uag-image-822\" width=\"384\" height=\"380\" title=\"\" loading=\"lazy\" role=\"img\"\/><\/figure><\/div>\n\n\n\n<div class=\"wp-block-uagb-advanced-heading uagb-block-cda9fbe4\"><h4 class=\"uagb-heading-text\">An\u00fancios do Google e do Facebook (PPC)<\/h4><p class=\"uagb-desc-text\">A partir de $600 (por m\u00eas)<br><br>A publicidade paga coloca sua empresa em destaque para seu p\u00fablico-alvo nas buscas do Google e nas p\u00e1ginas do Facebook.<\/p><\/div>\n<\/div>\n\n\n\n<div class=\"wp-block-uagb-container uagb-block-e0c205cd\">\n<div class=\"wp-block-uagb-image uagb-block-47c18ba6 wp-block-uagb-image--layout-default wp-block-uagb-image--effect-static wp-block-uagb-image--align-none\"><figure class=\"wp-block-uagb-image__figure\"><img decoding=\"async\" srcset=\"https:\/\/web24.cloud\/wp-content\/uploads\/2023\/10\/lpzy4da9aro-1024x768.jpg ,https:\/\/web24.cloud\/wp-content\/uploads\/2023\/10\/lpzy4da9aro.jpg 780w, https:\/\/web24.cloud\/wp-content\/uploads\/2023\/10\/lpzy4da9aro.jpg 360w\" sizes=\"auto, (max-width: 480px) 150px\" src=\"https:\/\/web24.cloud\/wp-content\/uploads\/2023\/10\/lpzy4da9aro-1024x768.jpg\" alt=\"Jogo de adivinha\u00e7\u00e3o de logotipo azul e branco\" class=\"uag-image-823\" width=\"383\" height=\"280\" title=\"\" loading=\"lazy\" role=\"img\"\/><\/figure><\/div>\n\n\n\n<div class=\"wp-block-uagb-advanced-heading uagb-block-75f0cc91\"><h4 class=\"uagb-heading-text\">Contas de e-mail comerciais<\/h4><p class=\"uagb-desc-text\">A partir de $6 cada (por m\u00eas)<br><br>Precisa de mais endere\u00e7os de e-mail no seu plano? N\u00f3s temos a solu\u00e7\u00e3o: adicione, remova e atualize contas de e-mail conforme necess\u00e1rio.<\/p><\/div>\n<\/div>\n<\/div>\n<\/div><\/div>\n\n\n\n<div class=\"wp-block-uagb-container uagb-block-68ae2a37 alignfull uagb-is-root-container\"><div class=\"uagb-container-inner-blocks-wrap\">\n<div class=\"wp-block-uagb-container uagb-block-a13593ff\">\n<div class=\"wp-block-uagb-image uagb-block-f6bc3ee7 wp-block-uagb-image--layout-default wp-block-uagb-image--effect-static wp-block-uagb-image--align-none\"><figure class=\"wp-block-uagb-image__figure\"><img decoding=\"async\" srcset=\"https:\/\/web24.cloud\/wp-content\/uploads\/2023\/10\/guij0yszpig-1024x683.jpg ,https:\/\/web24.cloud\/wp-content\/uploads\/2023\/10\/guij0yszpig.jpg 780w, https:\/\/web24.cloud\/wp-content\/uploads\/2023\/10\/guij0yszpig.jpg 360w\" sizes=\"auto, (max-width: 480px) 150px\" src=\"https:\/\/web24.cloud\/wp-content\/uploads\/2023\/10\/guij0yszpig-1024x683.jpg\" alt=\"pessoa usando telefone e laptop\" class=\"uag-image-835\" width=\"560\" height=\"530\" title=\"\" loading=\"lazy\" role=\"img\"\/><\/figure><\/div>\n<\/div>\n\n\n\n<div class=\"wp-block-uagb-container uagb-block-a05c3a1f\">\n<div class=\"wp-block-uagb-advanced-heading uagb-block-d64e5bd9\"><h2 class=\"uagb-heading-text\">Precisa de uma loja online?<\/h2><p class=\"uagb-desc-text\">Basta adicionar nosso m\u00f3dulo de e-commerce a qualquer pacote de design web. Nossas lojas virtuais repletas de recursos oferecem tudo o que voc\u00ea precisa para vender produtos e construir um neg\u00f3cio de e-commerce pr\u00f3spero.<\/p><\/div>\n\n\n\n<div class=\"wp-block-columns is-layout-flex wp-container-core-columns-is-layout-28f84493 wp-block-columns-is-layout-flex\">\n<div class=\"wp-block-column is-layout-flow wp-block-column-is-layout-flow\">\n<div id=\"wp-block-themeisle-blocks-icon-list-3083e0f1\" class=\"wp-block-themeisle-blocks-icon-list\">\n\n<div id=\"wp-block-themeisle-blocks-icon-list-item-2e90cbff\" class=\"wp-block-themeisle-blocks-icon-list-item\"><i class=\"fas fa-check wp-block-themeisle-blocks-icon-list-item-icon\"><\/i><p class=\"wp-block-themeisle-blocks-icon-list-item-content\">Crie produtos ilimitados<\/p><\/div>\n\n\n<div id=\"wp-block-themeisle-blocks-icon-list-item-d02add25\" class=\"wp-block-themeisle-blocks-icon-list-item\"><i class=\"fas fa-check wp-block-themeisle-blocks-icon-list-item-icon\"><\/i><p class=\"wp-block-themeisle-blocks-icon-list-item-content\">Aceite pagamentos online<\/p><\/div>\n\n\n<div id=\"wp-block-themeisle-blocks-icon-list-item-6e33f9ef\" class=\"wp-block-themeisle-blocks-icon-list-item\"><i class=\"fas fa-check wp-block-themeisle-blocks-icon-list-item-icon\"><\/i><p class=\"wp-block-themeisle-blocks-icon-list-item-content\">Ofere\u00e7a c\u00f3digos de desconto\/cupom.<\/p><\/div>\n\n\n<div id=\"wp-block-themeisle-blocks-icon-list-item-d485740c\" class=\"wp-block-themeisle-blocks-icon-list-item\"><i class=\"fas fa-check wp-block-themeisle-blocks-icon-list-item-icon\"><\/i><p class=\"wp-block-themeisle-blocks-icon-list-item-content\">Avalia\u00e7\u00f5es de produtos<\/p><\/div>\n\n<\/div>\n<\/div>\n\n\n\n<div class=\"wp-block-column is-layout-flow wp-block-column-is-layout-flow\">\n<div id=\"wp-block-themeisle-blocks-icon-list-8796779e\" class=\"wp-block-themeisle-blocks-icon-list\">\n\n<div id=\"wp-block-themeisle-blocks-icon-list-item-c0526e56\" class=\"wp-block-themeisle-blocks-icon-list-item\"><i class=\"fas fa-check wp-block-themeisle-blocks-icon-list-item-icon\"><\/i><p class=\"wp-block-themeisle-blocks-icon-list-item-content\">Definir custos de envio<\/p><\/div>\n\n\n<div id=\"wp-block-themeisle-blocks-icon-list-item-980af9e5\" class=\"wp-block-themeisle-blocks-icon-list-item\"><i class=\"fas fa-check wp-block-themeisle-blocks-icon-list-item-icon\"><\/i><p class=\"wp-block-themeisle-blocks-icon-list-item-content\">Painel de pedidos \/ relat\u00f3rios<\/p><\/div>\n\n\n<div id=\"wp-block-themeisle-blocks-icon-list-item-9e372730\" class=\"wp-block-themeisle-blocks-icon-list-item\"><i class=\"fas fa-check wp-block-themeisle-blocks-icon-list-item-icon\"><\/i><p class=\"wp-block-themeisle-blocks-icon-list-item-content\">Varia\u00e7\u00f5es do produto<\/p><\/div>\n\n\n<div id=\"wp-block-themeisle-blocks-icon-list-item-78ff040c\" class=\"wp-block-themeisle-blocks-icon-list-item\"><i class=\"fas fa-check wp-block-themeisle-blocks-icon-list-item-icon\"><\/i><p class=\"wp-block-themeisle-blocks-icon-list-item-content\">Gest\u00e3o de estoque<\/p><\/div>\n\n<\/div>\n<\/div>\n<\/div>\n\n\n\n<div class=\"wp-block-uagb-buttons uagb-buttons__outer-wrap uagb-btn__default-btn uagb-btn-tablet__default-btn uagb-btn-mobile__default-btn uagb-block-692bceaa\"><div class=\"uagb-buttons__wrap uagb-buttons-layout-wrap\">\n<div class=\"wp-block-uagb-buttons-child uagb-buttons__outer-wrap uagb-block-54445a39 wp-block-button\"><div class=\"uagb-button__wrapper\"><a class=\"uagb-buttons-repeater wp-block-button__link\" aria-label=\"\" href=\"\/br\/sobre\/\" rel=\"follow noopener\" target=\"_self\" role=\"button\"><div class=\"uagb-button__link\">Vamos conversar<\/div><\/a><\/div><\/div>\n<\/div><\/div>\n<\/div>\n<\/div><\/div>\n\n\n\n<div class=\"wp-block-uagb-container uagb-block-c7a08111 alignfull uagb-is-root-container\"><div class=\"uagb-container-inner-blocks-wrap\">\n<div class=\"wp-block-uagb-advanced-heading uagb-block-0f38175e\"><h2 class=\"uagb-heading-text\">Perguntas frequentes<\/h2><\/div>\n\n\n\n<div class=\"wp-block-uagb-container uagb-block-f209a0c7\">\n<div class=\"wp-block-uagb-container uagb-block-7e2c48fb\">\n<div class=\"wp-block-uagb-info-box uagb-block-de1d5327 uagb-infobox__content-wrap  uagb-infobox-icon-above-title uagb-infobox-image-valign-top\"><div class=\"uagb-ifb-content\"><div class=\"uagb-ifb-title-wrap\"><h5 class=\"uagb-ifb-title\"><strong>O que s\u00e3o servi\u00e7os adicionais?<\/strong><\/h5><\/div><p class=\"uagb-ifb-desc\">Nossos servi\u00e7os adicionais s\u00e3o pacotes simples e acess\u00edveis que voc\u00ea pode usar para aprimorar seu site, sua marca e seu alcance de marketing. Eles podem ser adquiridos no momento do cadastro ou posteriormente.<\/p><\/div><\/div>\n\n\n\n<div class=\"wp-block-uagb-info-box uagb-block-cd668d61 uagb-infobox__content-wrap  uagb-infobox-icon-above-title uagb-infobox-image-valign-top\"><div class=\"uagb-ifb-content\"><div class=\"uagb-ifb-title-wrap\"><h5 class=\"uagb-ifb-title\"><strong><strong>Qualquer pessoa pode usar servi\u00e7os adicionais?<\/strong><\/strong><\/h5><\/div><p class=\"uagb-ifb-desc\">Nossos servi\u00e7os adicionais s\u00e3o oferecidos exclusivamente aos clientes do nosso site, por isso nossos pre\u00e7os s\u00e3o mais baixos do que os de uma ag\u00eancia de design ou marketing t\u00edpica. Valorizamos a fidelidade do cliente.<\/p><\/div><\/div>\n\n\n\n<div class=\"wp-block-uagb-info-box uagb-block-9fc4ee62 uagb-infobox__content-wrap  uagb-infobox-icon-above-title uagb-infobox-image-valign-top\"><div class=\"uagb-ifb-content\"><div class=\"uagb-ifb-title-wrap\"><h5 class=\"uagb-ifb-title\"><strong><strong>Quem det\u00e9m os direitos autorais do projeto?<\/strong><\/strong><\/h5><\/div><p class=\"uagb-ifb-desc\">Ap\u00f3s a conclus\u00e3o de um servi\u00e7o adicional, como um logotipo, design de cart\u00e3o de visita ou design web personalizado, transferiremos a propriedade e os direitos autorais integrais para voc\u00ea, juntamente com todos os arquivos originais. Voc\u00ea poder\u00e1 ent\u00e3o usar seus novos designs como quiser.<\/p><\/div><\/div>\n<\/div>\n\n\n\n<div class=\"wp-block-uagb-container uagb-block-5a86563f\">\n<div class=\"wp-block-uagb-info-box uagb-block-d74a6cec uagb-infobox__content-wrap  uagb-infobox-icon-above-title uagb-infobox-image-valign-top\"><div class=\"uagb-ifb-content\"><div class=\"uagb-ifb-title-wrap\"><h5 class=\"uagb-ifb-title\"><strong>Como serei cobrado pelos servi\u00e7os adicionais?<\/strong><\/h5><\/div><p class=\"uagb-ifb-desc\">Nossos servi\u00e7os adicionais s\u00e3o cobrados antecipadamente e separadamente do seu plano de website. Se voc\u00ea acabou de se cadastrar conosco, eles ser\u00e3o cobrados juntamente com o seu pacote de website. Normalmente, esses pagamentos s\u00e3o processados por cart\u00e3o de cr\u00e9dito.<\/p><\/div><\/div>\n\n\n\n<div class=\"wp-block-uagb-info-box uagb-block-4630aadf uagb-infobox__content-wrap  uagb-infobox-icon-above-title uagb-infobox-image-valign-top\"><div class=\"uagb-ifb-content\"><div class=\"uagb-ifb-title-wrap\"><h5 class=\"uagb-ifb-title\"><strong><strong>Voc\u00ea pode me ajudar com a impress\u00e3o?<\/strong><\/strong><\/h5><\/div><p class=\"uagb-ifb-desc\">Embora n\u00e3o sejamos uma gr\u00e1fica, temos parcerias com v\u00e1rias empresas de confian\u00e7a que fornecem servi\u00e7os e produtos de alta qualidade. Teremos o maior prazer em apresent\u00e1-las a voc\u00ea ou, se preferir, podemos cuidar disso em seu nome mediante uma pequena taxa administrativa.<\/p><\/div><\/div>\n\n\n\n<div class=\"wp-block-uagb-info-box uagb-block-3eb471d3 uagb-infobox__content-wrap  uagb-infobox-icon-above-title uagb-infobox-image-valign-top\"><div class=\"uagb-ifb-content\"><div class=\"uagb-ifb-title-wrap\"><h5 class=\"uagb-ifb-title\"><strong><strong>Nos encontraremos pessoalmente?<\/strong><\/strong><\/h5><\/div><p class=\"uagb-ifb-desc\">Normalmente n\u00e3o. Nossas comunica\u00e7\u00f5es de projeto geralmente envolvem uma combina\u00e7\u00e3o de e-mail, telefone e videochamadas. Isso nos ajuda a manter os custos baixos e \u00e9 assim que conseguimos oferecer servi\u00e7os a pre\u00e7os acess\u00edveis aos nossos clientes.<\/p><\/div><\/div>\n<\/div>\n<\/div>\n<\/div><\/div>\n\n\n\n<div class=\"wp-block-uagb-container uagb-block-fb96480b alignfull uagb-is-root-container\"><div class=\"uagb-container-inner-blocks-wrap\">\n<div class=\"wp-block-uagb-info-box uagb-block-3e54c226 uagb-infobox__content-wrap  uagb-infobox-icon-above-title uagb-infobox-image-valign-top\"><div class=\"uagb-ifb-content\"><div class=\"uagb-ifb-title-wrap\"><h2 class=\"uagb-ifb-title\">Converse com um especialista em web<\/h2><\/div><p class=\"uagb-ifb-desc\">Responderemos \u00e0s suas perguntas e compartilharemos recomenda\u00e7\u00f5es sobre como criar um site impressionante e de sucesso para o seu neg\u00f3cio.<\/p><\/div><\/div>\n\n\n\n<div class=\"wp-block-group is-layout-constrained wp-block-group-is-layout-constrained\">\n<div class=\"wp-block-buttons uag-hide-tab uag-hide-mob is-content-justification-center is-layout-flex wp-container-core-buttons-is-layout-a89b3969 wp-block-buttons-is-layout-flex\">\n<div class=\"wp-block-button\"><a class=\"wp-block-button__link wp-element-button\" href=\"https:\/\/brasil.web24.cloud\/buy\/web24-essencial\">Criar meu site<\/a><\/div>\n\n\n\n<div class=\"wp-block-button is-style-fill\"><a class=\"wp-block-button__link wp-element-button\" href=\"https:\/\/wa.me\/5511943783077?text=I%27m%20interested%20in%20your%20pay%20monthly%20websites\">Converse com um especialista em web<\/a><\/div>\n<\/div>\n\n\n\n<div class=\"wp-block-buttons uag-hide-desktop is-content-justification-center is-layout-flex wp-container-core-buttons-is-layout-a89b3969 wp-block-buttons-is-layout-flex\">\n<div class=\"wp-block-button has-custom-width wp-block-button__width-100\"><a class=\"wp-block-button__link wp-element-button\" href=\"https:\/\/brasil.web24.cloud\/buy\/web24-essencial\">Criar meu site<\/a><\/div>\n\n\n\n<div class=\"wp-block-button has-custom-width wp-block-button__width-100 is-style-fill\"><a class=\"wp-block-button__link wp-element-button\" href=\"https:\/\/wa.me\/5511943783077?text=I%27m%20interested%20in%20your%20pay%20monthly%20websites\">Converse com um especialista em web<\/a><\/div>\n<\/div>\n<\/div>\n\n\n\n\n\n<div style=\"height:30px\" aria-hidden=\"true\" class=\"wp-block-spacer\"><\/div>\n<\/div><\/div>","protected":false},"excerpt":{"rendered":"<p>Impulsione seu neg\u00f3cio. Tudo o que voc\u00ea precisa para criar um site e uma marca profissionais. Design de logotipo e identidade visual a partir de $500 (por pacote de logotipo). Um logotipo com design profissional facilita a identifica\u00e7\u00e3o da sua marca e a diferencia da concorr\u00eancia. Reda\u00e7\u00e3o de conte\u00fado para sites a partir de $400 (por site). Atraia a aten\u00e7\u00e3o dos seus visitantes e converta cliques em clientes.<\/p>","protected":false},"author":3,"featured_media":0,"parent":0,"menu_order":0,"comment_status":"closed","ping_status":"closed","template":"","meta":{"_surecart_dashboard_logo_width":"180px","_surecart_dashboard_show_logo":true,"_surecart_dashboard_navigation_orders":true,"_surecart_dashboard_navigation_invoices":true,"_surecart_dashboard_navigation_subscriptions":true,"_surecart_dashboard_navigation_downloads":true,"_surecart_dashboard_navigation_billing":true,"_surecart_dashboard_navigation_account":true,"inline_featured_image":false,"_uag_custom_page_level_css":"","site-sidebar-layout":"default","site-content-layout":"","ast-site-content-layout":"default","site-content-style":"default","site-sidebar-style":"default","ast-global-header-display":"","ast-banner-title-visibility":"disabled","ast-main-header-display":"","ast-hfb-above-header-display":"","ast-hfb-below-header-display":"","ast-hfb-mobile-header-display":"","site-post-title":"","ast-breadcrumbs-content":"","ast-featured-img":"","footer-sml-layout":"","ast-disable-related-posts":"","theme-transparent-header-meta":"enabled","adv-header-id-meta":"","stick-header-meta":"","header-above-stick-meta":"","header-main-stick-meta":"","header-below-stick-meta":"","astra-migrate-meta-layouts":"","ast-page-background-enabled":"default","ast-page-background-meta":{"desktop":{"background-color":"var(--ast-global-color-4)","background-image":"","background-repeat":"repeat","background-position":"center center","background-size":"auto","background-attachment":"scroll","background-type":"","background-media":"","overlay-type":"","overlay-color":"","overlay-opacity":"","overlay-gradient":""},"tablet":{"background-color":"","background-image":"","background-repeat":"repeat","background-position":"center center","background-size":"auto","background-attachment":"scroll","background-type":"","background-media":"","overlay-type":"","overlay-color":"","overlay-opacity":"","overlay-gradient":""},"mobile":{"background-color":"","background-image":"","background-repeat":"repeat","background-position":"center center","background-size":"auto","background-attachment":"scroll","background-type":"","background-media":"","overlay-type":"","overlay-color":"","overlay-opacity":"","overlay-gradient":""}},"ast-content-background-meta":{"desktop":{"background-color":"var(--ast-global-color-5)","background-image":"","background-repeat":"repeat","background-position":"center center","background-size":"auto","background-attachment":"scroll","background-type":"","background-media":"","overlay-type":"","overlay-color":"","overlay-opacity":"","overlay-gradient":""},"tablet":{"background-color":"var(--ast-global-color-5)","background-image":"","background-repeat":"repeat","background-position":"center center","background-size":"auto","background-attachment":"scroll","background-type":"","background-media":"","overlay-type":"","overlay-color":"","overlay-opacity":"","overlay-gradient":""},"mobile":{"background-color":"var(--ast-global-color-5)","background-image":"","background-repeat":"repeat","background-position":"center center","background-size":"auto","background-attachment":"scroll","background-type":"","background-media":"","overlay-type":"","overlay-color":"","overlay-opacity":"","overlay-gradient":""}},"footnotes":""},"class_list":["post-19","page","type-page","status-publish","hentry"],"aioseo_notices":[],"_hostinger_reach_plugin_has_subscription_block":false,"_hostinger_reach_plugin_is_elementor":false,"uagb_featured_image_src":{"full":false,"thumbnail":false,"medium":false,"medium_large":false,"large":false,"1536x1536":false,"2048x2048":false,"trp-custom-language-flag":false},"uagb_author_info":{"display_name":"David Maillard","author_link":"https:\/\/web24.cloud\/br\/author\/7wcvnr3iizki\/"},"uagb_comment_info":0,"uagb_excerpt":"Supercharge your business Everything you need to setup a professional website and brand. Logo Design &amp; Visual Identity From $500 (per logo package) A professionally designed logo makes it easy for people to identify your brand and distinguishes you from the competition. Website Copywriting From $400 (per website) Grab your visitors attention and convert clicks&hellip;","_links":{"self":[{"href":"https:\/\/web24.cloud\/br\/wp-json\/wp\/v2\/pages\/19","targetHints":{"allow":["GET"]}}],"collection":[{"href":"https:\/\/web24.cloud\/br\/wp-json\/wp\/v2\/pages"}],"about":[{"href":"https:\/\/web24.cloud\/br\/wp-json\/wp\/v2\/types\/page"}],"author":[{"embeddable":true,"href":"https:\/\/web24.cloud\/br\/wp-json\/wp\/v2\/users\/3"}],"replies":[{"embeddable":true,"href":"https:\/\/web24.cloud\/br\/wp-json\/wp\/v2\/comments?post=19"}],"version-history":[{"count":23,"href":"https:\/\/web24.cloud\/br\/wp-json\/wp\/v2\/pages\/19\/revisions"}],"predecessor-version":[{"id":1402,"href":"https:\/\/web24.cloud\/br\/wp-json\/wp\/v2\/pages\/19\/revisions\/1402"}],"wp:attachment":[{"href":"https:\/\/web24.cloud\/br\/wp-json\/wp\/v2\/media?parent=19"}],"curies":[{"name":"wp","href":"https:\/\/api.w.org\/{rel}","templated":true}]}}