{"id":18,"date":"2023-08-28T14:57:24","date_gmt":"2023-08-28T14:57:24","guid":{"rendered":"https:\/\/web24.cloud\/?page_id=18"},"modified":"2023-10-18T13:44:22","modified_gmt":"2023-10-18T13:44:22","slug":"sobre","status":"publish","type":"page","link":"https:\/\/web24.cloud\/br\/sobre\/","title":{"rendered":"Sobre"},"content":{"rendered":"<div class=\"wp-block-uagb-container uagb-block-177cb62b alignfull uagb-is-root-container\"><div class=\"uagb-container-inner-blocks-wrap\">\n<div class=\"wp-block-uagb-advanced-heading uagb-block-902ba533\"><h1 class=\"uagb-heading-text\">Somos uma ag\u00eancia criativa que ousa ser diferente.<\/h1><p class=\"uagb-desc-text\">Maximize sua presen\u00e7a online sem gastar muito.<\/p><\/div>\n<\/div><\/div>\n\n\n\n<div class=\"wp-block-uagb-container uagb-block-5a081b95 alignfull uagb-is-root-container\"><div class=\"uagb-container-inner-blocks-wrap\">\n<div class=\"wp-block-uagb-container uagb-block-fa53052c\">\n<div class=\"wp-block-uagb-container uagb-block-a748ab3b\">\n<div class=\"wp-block-uagb-image aligncenter uagb-block-cc7c0721 wp-block-uagb-image--layout-default wp-block-uagb-image--effect-static wp-block-uagb-image--align-center\"><figure class=\"wp-block-uagb-image__figure\"><img decoding=\"async\" srcset=\"https:\/\/web24.cloud\/wp-content\/uploads\/2023\/10\/5082237-5082237-scaled.jpg \" sizes=\"auto, (max-width: 480px) 150px\" src=\"https:\/\/web24.cloud\/wp-content\/uploads\/2023\/10\/5082237-5082237-scaled.jpg\" alt=\"\" class=\"uag-image-681\" width=\"576\" height=\"620\" title=\"\" loading=\"lazy\"\/><\/figure><\/div>\n<\/div>\n\n\n\n<div class=\"wp-block-uagb-container uagb-block-f48f1e37\">\n<div class=\"wp-block-uagb-advanced-heading uagb-block-a63c6e5a\"><h3 class=\"uagb-heading-text\">Como tudo come\u00e7ou.<\/h3><p class=\"uagb-desc-text\">Desde pacotes criativos para websites at\u00e9 campanhas de marketing inovadoras e eficazes, fazemos uma enorme diferen\u00e7a para as empresas com as quais trabalhamos\u2026.<\/p><\/div>\n\n\n\n<div class=\"wp-block-uagb-advanced-heading uagb-block-17335cda\"><p class=\"uagb-heading-text\">A jornada da Rapid Web come\u00e7ou com tr\u00eas amigos, uma escrivaninha velha e alguns computadores. O objetivo era tornar sites sofisticados e com design profissional acess\u00edveis a todos os tipos de neg\u00f3cios, independentemente do porte. Assim nasceu a ideia. <strong>Pacotes de sites criados por talentosos web designers\u2026 <\/strong>E o melhor de tudo, sem taxas elevadas!<\/p><\/div>\n<\/div>\n<\/div>\n\n\n\n<div class=\"wp-block-uagb-container uagb-block-bed35095\">\n<div class=\"wp-block-uagb-container uagb-block-3fbfd335\">\n<div class=\"wp-block-uagb-advanced-heading uagb-block-89e91089\"><h3 class=\"uagb-heading-text\">E assim a hist\u00f3ria continua\u2026<\/h3><p class=\"uagb-desc-text\">Desde ent\u00e3o, a empresa cresceu muito! Agora temos uma grande equipe por tr\u00e1s de n\u00f3s e <strong>Criamos sites diariamente para empresas em todo o mundo.<\/strong>. Os tr\u00eas criadores continuam sendo grandes amigos e permaneceram fi\u00e9is aos seus valores e cren\u00e7as originais.<br><br>Embora j\u00e1 tenhamos percorrido um longo caminho desde nossos humildes come\u00e7os, ainda temos muito a fazer. Queremos levar design web profissional e completo para cada vez mais empresas \u2013 em todo o mundo. <strong>As empresas n\u00e3o deveriam mais ter que pagar o $1000 antecipadamente.<\/strong> ou perder um tempo valioso criando um site por conta pr\u00f3pria, usando ferramentas limitadas de design web do tipo &quot;fa\u00e7a voc\u00ea mesmo&quot;.<\/p><\/div>\n<\/div>\n\n\n\n<div class=\"wp-block-uagb-container uagb-block-87c34e31\">\n<div class=\"wp-block-uagb-image aligncenter uagb-block-cf9670f9 wp-block-uagb-image--layout-default wp-block-uagb-image--effect-static wp-block-uagb-image--align-center\"><figure class=\"wp-block-uagb-image__figure\"><img decoding=\"async\" srcset=\"https:\/\/web24.cloud\/wp-content\/uploads\/2023\/10\/3153204-3153204.jpg \" sizes=\"auto, (max-width: 480px) 150px\" src=\"https:\/\/web24.cloud\/wp-content\/uploads\/2023\/10\/3153204-3153204.jpg\" alt=\"\" class=\"uag-image-682\" width=\"576\" height=\"620\" title=\"\" loading=\"lazy\"\/><\/figure><\/div>\n<\/div>\n<\/div>\n<\/div><\/div>\n\n\n\n<div class=\"wp-block-uagb-container uagb-block-d9f5c0f8 alignfull uagb-is-root-container\"><div class=\"uagb-container-inner-blocks-wrap\">\n<div class=\"wp-block-uagb-advanced-heading uagb-block-dc050748\"><h2 class=\"uagb-heading-text\">Nossos valores de trabalho<\/h2><p class=\"uagb-desc-text\">O que nos diferencia<\/p><\/div>\n\n\n\n<div class=\"wp-block-uagb-container uagb-block-182b4828\">\n<div class=\"wp-block-uagb-info-box uagb-block-f97e4571 uagb-infobox__content-wrap  uagb-infobox-icon-above-title uagb-infobox-image-valign-top\"><div class=\"uagb-ifb-content\"><div class=\"uagb-ifb-title-wrap\"><h5 class=\"uagb-ifb-title-prefix\">01.<\/h5><h4 class=\"uagb-ifb-title\">Acessibilidade<\/h4><\/div><p class=\"uagb-ifb-desc\">Acreditamos que toda empresa merece uma solu\u00e7\u00e3o acess\u00edvel para estabelecer sua presen\u00e7a online. Nossos pacotes de websites s\u00e3o projetados para oferecer o m\u00e1ximo valor para o seu investimento.<\/p><\/div><\/div>\n\n\n\n<div class=\"wp-block-uagb-info-box uagb-block-91a8cc49 uagb-infobox__content-wrap  uagb-infobox-icon-above-title uagb-infobox-image-valign-top\"><div class=\"uagb-ifb-content\"><div class=\"uagb-ifb-title-wrap\"><h5 class=\"uagb-ifb-title-prefix\">02.<\/h5><h4 class=\"uagb-ifb-title\">Qualidade<\/h4><\/div><p class=\"uagb-ifb-desc\">Temos orgulho em fornecer solu\u00e7\u00f5es de websites de alta qualidade que atendem \u00e0s necessidades e expectativas exclusivas de nossos clientes. Nossa aten\u00e7\u00e3o aos detalhes garante uma presen\u00e7a online profissional e visualmente atraente.<\/p><\/div><\/div>\n\n\n\n<div class=\"wp-block-uagb-info-box uagb-block-da5c989d uagb-infobox__content-wrap  uagb-infobox-icon-above-title uagb-infobox-image-valign-top\"><div class=\"uagb-ifb-content\"><div class=\"uagb-ifb-title-wrap\"><h5 class=\"uagb-ifb-title-prefix\">03.<\/h5><h4 class=\"uagb-ifb-title\">Satisfa\u00e7\u00e3o do Cliente<\/h4><\/div><p class=\"uagb-ifb-desc\">Priorizamos a satisfa\u00e7\u00e3o do cliente e nos esfor\u00e7amos para superar as expectativas em cada etapa. Nossa equipe de suporte ao cliente dedicada est\u00e1 sempre pronta para ajudar e fornecer solu\u00e7\u00f5es r\u00e1pidas para garantir uma experi\u00eancia tranquila e bem-sucedida em nosso site.<\/p><\/div><\/div>\n<\/div>\n<\/div><\/div>\n\n\n\n<div class=\"wp-block-uagb-container uagb-block-fb96480b alignfull uagb-is-root-container\"><div class=\"uagb-container-inner-blocks-wrap\">\n<div class=\"wp-block-uagb-info-box uagb-block-3e54c226 uagb-infobox__content-wrap  uagb-infobox-icon-above-title uagb-infobox-image-valign-top\"><div class=\"uagb-ifb-content\"><div class=\"uagb-ifb-title-wrap\"><h2 class=\"uagb-ifb-title\">Converse com um especialista em web<\/h2><\/div><p class=\"uagb-ifb-desc\">Responderemos \u00e0s suas perguntas e compartilharemos recomenda\u00e7\u00f5es sobre como criar um site impressionante e de sucesso para o seu neg\u00f3cio.<\/p><\/div><\/div>\n\n\n\n<div class=\"wp-block-group is-layout-constrained wp-block-group-is-layout-constrained\">\n<div class=\"wp-block-buttons uag-hide-tab uag-hide-mob is-content-justification-center is-layout-flex wp-container-core-buttons-is-layout-a89b3969 wp-block-buttons-is-layout-flex\">\n<div class=\"wp-block-button\"><a class=\"wp-block-button__link wp-element-button\" href=\"https:\/\/brasil.web24.cloud\/buy\/web24-essencial\">Criar meu site<\/a><\/div>\n\n\n\n<div class=\"wp-block-button is-style-fill\"><a class=\"wp-block-button__link wp-element-button\" href=\"https:\/\/wa.me\/5511943783077?text=I%27m%20interested%20in%20your%20pay%20monthly%20websites\">Converse com um especialista em web<\/a><\/div>\n<\/div>\n\n\n\n<div class=\"wp-block-buttons uag-hide-desktop is-content-justification-center is-layout-flex wp-container-core-buttons-is-layout-a89b3969 wp-block-buttons-is-layout-flex\">\n<div class=\"wp-block-button has-custom-width wp-block-button__width-100\"><a class=\"wp-block-button__link wp-element-button\" href=\"https:\/\/brasil.web24.cloud\/buy\/web24-essencial\">Criar meu site<\/a><\/div>\n\n\n\n<div class=\"wp-block-button has-custom-width wp-block-button__width-100 is-style-fill\"><a class=\"wp-block-button__link wp-element-button\" href=\"https:\/\/wa.me\/5511943783077?text=I%27m%20interested%20in%20your%20pay%20monthly%20websites\">Converse com um especialista em web<\/a><\/div>\n<\/div>\n<\/div>\n\n\n\n\n\n<div style=\"height:30px\" aria-hidden=\"true\" class=\"wp-block-spacer\"><\/div>\n<\/div><\/div>","protected":false},"excerpt":{"rendered":"<p>Somos uma ag\u00eancia criativa que ousa ser diferente. Maximize sua presen\u00e7a online sem gastar uma fortuna. Como tudo come\u00e7ou. De pacotes criativos para websites a campanhas de marketing inovadoras e eficazes, fazemos uma grande diferen\u00e7a para as empresas com as quais trabalhamos\u2026 A jornada da Rapid Web come\u00e7ou com tr\u00eas amigos, uma mesa antiga [\u2026]<\/p>","protected":false},"author":3,"featured_media":0,"parent":0,"menu_order":0,"comment_status":"closed","ping_status":"closed","template":"","meta":{"_surecart_dashboard_logo_width":"180px","_surecart_dashboard_show_logo":true,"_surecart_dashboard_navigation_orders":true,"_surecart_dashboard_navigation_invoices":true,"_surecart_dashboard_navigation_subscriptions":true,"_surecart_dashboard_navigation_downloads":true,"_surecart_dashboard_navigation_billing":true,"_surecart_dashboard_navigation_account":true,"inline_featured_image":false,"_uag_custom_page_level_css":"","site-sidebar-layout":"default","site-content-layout":"","ast-site-content-layout":"default","site-content-style":"default","site-sidebar-style":"default","ast-global-header-display":"","ast-banner-title-visibility":"disabled","ast-main-header-display":"","ast-hfb-above-header-display":"","ast-hfb-below-header-display":"","ast-hfb-mobile-header-display":"","site-post-title":"","ast-breadcrumbs-content":"","ast-featured-img":"","footer-sml-layout":"","ast-disable-related-posts":"","theme-transparent-header-meta":"enabled","adv-header-id-meta":"","stick-header-meta":"","header-above-stick-meta":"","header-main-stick-meta":"","header-below-stick-meta":"","astra-migrate-meta-layouts":"","ast-page-background-enabled":"default","ast-page-background-meta":{"desktop":{"background-color":"var(--ast-global-color-4)","background-image":"","background-repeat":"repeat","background-position":"center center","background-size":"auto","background-attachment":"scroll","background-type":"","background-media":"","overlay-type":"","overlay-color":"","overlay-opacity":"","overlay-gradient":""},"tablet":{"background-color":"","background-image":"","background-repeat":"repeat","background-position":"center center","background-size":"auto","background-attachment":"scroll","background-type":"","background-media":"","overlay-type":"","overlay-color":"","overlay-opacity":"","overlay-gradient":""},"mobile":{"background-color":"","background-image":"","background-repeat":"repeat","background-position":"center center","background-size":"auto","background-attachment":"scroll","background-type":"","background-media":"","overlay-type":"","overlay-color":"","overlay-opacity":"","overlay-gradient":""}},"ast-content-background-meta":{"desktop":{"background-color":"var(--ast-global-color-5)","background-image":"","background-repeat":"repeat","background-position":"center center","background-size":"auto","background-attachment":"scroll","background-type":"","background-media":"","overlay-type":"","overlay-color":"","overlay-opacity":"","overlay-gradient":""},"tablet":{"background-color":"var(--ast-global-color-5)","background-image":"","background-repeat":"repeat","background-position":"center center","background-size":"auto","background-attachment":"scroll","background-type":"","background-media":"","overlay-type":"","overlay-color":"","overlay-opacity":"","overlay-gradient":""},"mobile":{"background-color":"var(--ast-global-color-5)","background-image":"","background-repeat":"repeat","background-position":"center center","background-size":"auto","background-attachment":"scroll","background-type":"","background-media":"","overlay-type":"","overlay-color":"","overlay-opacity":"","overlay-gradient":""}},"footnotes":""},"class_list":["post-18","page","type-page","status-publish","hentry"],"aioseo_notices":[],"_hostinger_reach_plugin_has_subscription_block":false,"_hostinger_reach_plugin_is_elementor":false,"uagb_featured_image_src":{"full":false,"thumbnail":false,"medium":false,"medium_large":false,"large":false,"1536x1536":false,"2048x2048":false,"trp-custom-language-flag":false},"uagb_author_info":{"display_name":"David Maillard","author_link":"https:\/\/web24.cloud\/br\/author\/7wcvnr3iizki\/"},"uagb_comment_info":0,"uagb_excerpt":"We\u2019re an imaginative agency that dares to be different Maximize your online presence without breaking the bank How it all began. From creative Website Packages to innovative and effective marketing campaigns, we make one heck of a difference to the businesses we work with\u2026. The Rapid Web\u2019s journey began with three friends, an old desk&hellip;","_links":{"self":[{"href":"https:\/\/web24.cloud\/br\/wp-json\/wp\/v2\/pages\/18","targetHints":{"allow":["GET"]}}],"collection":[{"href":"https:\/\/web24.cloud\/br\/wp-json\/wp\/v2\/pages"}],"about":[{"href":"https:\/\/web24.cloud\/br\/wp-json\/wp\/v2\/types\/page"}],"author":[{"embeddable":true,"href":"https:\/\/web24.cloud\/br\/wp-json\/wp\/v2\/users\/3"}],"replies":[{"embeddable":true,"href":"https:\/\/web24.cloud\/br\/wp-json\/wp\/v2\/comments?post=18"}],"version-history":[{"count":6,"href":"https:\/\/web24.cloud\/br\/wp-json\/wp\/v2\/pages\/18\/revisions"}],"predecessor-version":[{"id":1314,"href":"https:\/\/web24.cloud\/br\/wp-json\/wp\/v2\/pages\/18\/revisions\/1314"}],"wp:attachment":[{"href":"https:\/\/web24.cloud\/br\/wp-json\/wp\/v2\/media?parent=18"}],"curies":[{"name":"wp","href":"https:\/\/api.w.org\/{rel}","templated":true}]}}